{"id":1821,"date":"2024-05-03T09:34:50","date_gmt":"2024-05-03T07:34:50","guid":{"rendered":"https:\/\/frequences.aarbeta.ch\/warenkorb\/"},"modified":"2025-12-20T16:17:45","modified_gmt":"2025-12-20T15:17:45","slug":"warenkorb","status":"publish","type":"page","link":"https:\/\/www.frequences.ch\/de\/warenkorb\/","title":{"rendered":"Warenkorb"},"content":{"rendered":"\t\t<div data-elementor-type=\"wp-page\" data-elementor-id=\"1821\" class=\"elementor elementor-1821 elementor-1030\" data-elementor-post-type=\"page\">\n\t\t\t\t<div class=\"elementor-element elementor-element-f9b9529 e-flex e-con-boxed e-con e-parent\" data-id=\"f9b9529\" data-element_type=\"container\" data-e-type=\"container\">\n\t\t\t\t\t<div class=\"e-con-inner\">\n\t\t<div class=\"elementor-element elementor-element-a1a81ba e-flex e-con-boxed e-con e-child\" data-id=\"a1a81ba\" data-element_type=\"container\" data-e-type=\"container\">\n\t\t\t\t\t<div class=\"e-con-inner\">\n\t\t\t\t<div class=\"elementor-element elementor-element-fc9ddf5 elementor-widget elementor-widget-heading\" data-id=\"fc9ddf5\" data-element_type=\"widget\" data-e-type=\"widget\" data-widget_type=\"heading.default\">\n\t\t\t\t<div class=\"elementor-widget-container\">\n\t\t\t\t\t<h1 class=\"elementor-heading-title elementor-size-default\">Der Warenkorb<\/h1>\t\t\t\t<\/div>\n\t\t\t\t<\/div>\n\t\t\t\t<div class=\"elementor-element elementor-element-c3dc217 elementor-widget__width-inherit elementor-widget elementor-widget-text-editor\" data-id=\"c3dc217\" data-element_type=\"widget\" data-e-type=\"widget\" data-widget_type=\"text-editor.default\">\n\t\t\t\t<div class=\"elementor-widget-container\">\n\t\t\t\t\t\t\t\t\t<p>\u00dcberpr\u00fcfen Sie Ihre Artikel und setzen Sie Ihre Bestellung fort, indem Sie auf die Schaltfl\u00e4che &#8220;Zur Bestellung \u00fcbergehen&#8221; klicken, oder bezahlen Sie direkt mit PayPal.<\/p>\n\t\t\t\t\t\t\t\t<\/div>\n\t\t\t\t<\/div>\n\t\t\t\t\t<\/div>\n\t\t\t\t<\/div>\n\t\t\t\t\t<\/div>\n\t\t\t\t<\/div>\n\t\t<div class=\"elementor-element elementor-element-9359acf e-flex e-con-boxed e-con e-parent\" data-id=\"9359acf\" data-element_type=\"container\" data-e-type=\"container\">\n\t\t\t\t\t<div class=\"e-con-inner\">\n\t\t\t\t\t<\/div>\n\t\t\t\t<\/div>\n\t\t\t\t<\/div>\n\t\t","protected":false},"excerpt":{"rendered":"<p>Der Warenkorb \u00dcberpr\u00fcfen Sie Ihre Artikel und setzen Sie Ihre Bestellung fort, indem Sie auf die Schaltfl\u00e4che &#8220;Zur Bestellung \u00fcbergehen&#8221; klicken, oder bezahlen Sie direkt mit PayPal. Votre panier est [&hellip;]<\/p>\n","protected":false},"author":1,"featured_media":0,"parent":0,"menu_order":0,"comment_status":"closed","ping_status":"closed","template":"elementor_header_footer","meta":{"iawp_total_views":421,"footnotes":""},"class_list":["post-1821","page","type-page","status-publish","hentry"],"_links":{"self":[{"href":"https:\/\/www.frequences.ch\/de\/wp-json\/wp\/v2\/pages\/1821","targetHints":{"allow":["GET"]}}],"collection":[{"href":"https:\/\/www.frequences.ch\/de\/wp-json\/wp\/v2\/pages"}],"about":[{"href":"https:\/\/www.frequences.ch\/de\/wp-json\/wp\/v2\/types\/page"}],"author":[{"embeddable":true,"href":"https:\/\/www.frequences.ch\/de\/wp-json\/wp\/v2\/users\/1"}],"replies":[{"embeddable":true,"href":"https:\/\/www.frequences.ch\/de\/wp-json\/wp\/v2\/comments?post=1821"}],"version-history":[{"count":2,"href":"https:\/\/www.frequences.ch\/de\/wp-json\/wp\/v2\/pages\/1821\/revisions"}],"predecessor-version":[{"id":4067,"href":"https:\/\/www.frequences.ch\/de\/wp-json\/wp\/v2\/pages\/1821\/revisions\/4067"}],"wp:attachment":[{"href":"https:\/\/www.frequences.ch\/de\/wp-json\/wp\/v2\/media?parent=1821"}],"curies":[{"name":"wp","href":"https:\/\/api.w.org\/{rel}","templated":true}]}}