{"id":2226,"date":"2024-06-05T09:58:40","date_gmt":"2024-06-05T07:58:40","guid":{"rendered":"https:\/\/www.frequences.ch\/produkt\/vipassana\/"},"modified":"2025-03-18T20:51:19","modified_gmt":"2025-03-18T19:51:19","slug":"vipassana","status":"publish","type":"product","link":"https:\/\/www.frequences.ch\/de\/product\/vipassana\/","title":{"rendered":"Vipassana"},"content":{"rendered":"<p>Es handelt sich um die Technik, mit der der Buddha Siddhartha Gautama erleuchtet wurde (obwohl ich nicht dabei war). Heutzutage wird diese Technik an den Universit\u00e4ten unter dem Namen \u201eMindfullness &#8211; Meditation\u201c oder Achtsamkeitsmeditation gelehrt, die Stress bew\u00e4ltigen und das allgemeine Wohlbefinden steigern soll. Die Grundlage dieser Technik zur Aufl\u00f6sung von Anhaftungen ist buddhistisch. Und f\u00fchrt daher zu einem wahren inneren Frieden.<\/p>\n<p>Ich m\u00f6chte Ihnen gerne mitteilen, was ich in einem Channeling zu diesem Thema erhalten habe: \u201eIhr seid wie V\u00f6gel in euren K\u00e4figen! Ihr \u00f6ffnet eure wundersch\u00f6nen Fl\u00fcgel weit und klopft von Gitter zu Gitter, indem ihr euch aneinander st\u00f6\u00dft und euch verletzt. Ein Leben lang, viele Leben lang haben sie ihre Federn weit ge\u00f6ffnet. Auf dem einen Fl\u00fcgel steht Wunsch, auf dem anderen Ablehnung&#8230;. und Sie sto\u00dfen immer wieder zusammen&#8230; bis Sie eines Tages so ersch\u00f6pft sind, dass Sie nicht die Kraft finden, auch nur eine Feder zu bewegen, und Sie bleiben regungslos. In dieser Ruhe, ohne Abneigung oder Gier, werden Sie die Gitterst\u00e4be breit genug sehen, um einfach aus dem K\u00e4fig zu gehen&#8230;. dann ziehen Sie Ihre Fl\u00fcgel ein und kommen Sie in die Ruhe mit vollem Bewusstsein und Sie werden einmal in Freiheit fliegen, mit den Fl\u00fcgeln von Anapana und Vipassana &#8230;.. h\u00f6her als je zuvor.\u201c<\/p>\n<p>Track 1 : Anapanameditaation<br \/>\nTrack 2 : Vipassana<\/p>\n","protected":false},"excerpt":{"rendered":"<p>Es handelt sich um die Technik, mit der der Buddha Siddhartha Gautama erleuchtet wurde (obwohl ich nicht dabei war). Heutzutage wird diese Technik an den Universit\u00e4ten unter dem Namen \u201eMindfullness &#8211; Meditation\u201c oder Achtsamkeitsmeditation gelehrt, die Stress bew\u00e4ltigen und das allgemeine Wohlbefinden steigern soll. Die Grundlage dieser Technik zur Aufl\u00f6sung von Anhaftungen ist buddhistisch. Und f\u00fchrt daher zu einem wahren inneren Frieden.<\/p>\n","protected":false},"featured_media":1463,"template":"","meta":{"iawp_total_views":316},"product_brand":[],"product_cat":[72],"product_tag":[],"class_list":{"0":"post-2226","1":"product","2":"type-product","3":"status-publish","4":"has-post-thumbnail","6":"product_cat-meditationen","8":"first","9":"instock","10":"downloadable","11":"virtual","12":"purchasable","13":"product-type-simple"},"_links":{"self":[{"href":"https:\/\/www.frequences.ch\/de\/wp-json\/wp\/v2\/product\/2226","targetHints":{"allow":["GET"]}}],"collection":[{"href":"https:\/\/www.frequences.ch\/de\/wp-json\/wp\/v2\/product"}],"about":[{"href":"https:\/\/www.frequences.ch\/de\/wp-json\/wp\/v2\/types\/product"}],"version-history":[{"count":4,"href":"https:\/\/www.frequences.ch\/de\/wp-json\/wp\/v2\/product\/2226\/revisions"}],"predecessor-version":[{"id":2262,"href":"https:\/\/www.frequences.ch\/de\/wp-json\/wp\/v2\/product\/2226\/revisions\/2262"}],"wp:featuredmedia":[{"embeddable":true,"href":"https:\/\/www.frequences.ch\/de\/wp-json\/wp\/v2\/media\/1463"}],"wp:attachment":[{"href":"https:\/\/www.frequences.ch\/de\/wp-json\/wp\/v2\/media?parent=2226"}],"wp:term":[{"taxonomy":"product_brand","embeddable":true,"href":"https:\/\/www.frequences.ch\/de\/wp-json\/wp\/v2\/product_brand?post=2226"},{"taxonomy":"product_cat","embeddable":true,"href":"https:\/\/www.frequences.ch\/de\/wp-json\/wp\/v2\/product_cat?post=2226"},{"taxonomy":"product_tag","embeddable":true,"href":"https:\/\/www.frequences.ch\/de\/wp-json\/wp\/v2\/product_tag?post=2226"}],"curies":[{"name":"wp","href":"https:\/\/api.w.org\/{rel}","templated":true}]}}